{"id":1245,"date":"2017-03-13T15:23:12","date_gmt":"2017-03-13T14:23:12","guid":{"rendered":"http:\/\/www.unica.host\/?page_id=1245\/"},"modified":"2017-03-20T16:57:34","modified_gmt":"2017-03-20T15:57:34","slug":"da","status":"publish","type":"page","link":"https:\/\/www.unica.host\/da\/","title":{"rendered":"Background Header"},"content":{"rendered":"<div class=\"wpb-content-wrapper\"><p>[vc_row fullwidth=&#8221;yes&#8221; parallax_speed_video=&#8221;1.5&#8243; parallax_speed_bg=&#8221;1.5&#8243;][vc_column]        <div id=\"mainimage\" >\n        <div class=\"introcaption\">\n          <div class=\"row\">\n            <div class=\"col-sm-12 col-md-11 center-block\">\n              <h1>Hvilken type hosting har du brug for?<span id=\"js-rotating\">Vi klarer det hele, Sikkert, Skal\u00e9rbart, H\u00f8j hastighed, 24\/7\/365 support<\/span><\/h1>\n            <\/div>\n          <\/div>\n        <\/div>\n      <\/div>\n      [\/vc_column][\/vc_row][vc_row parallax_speed_video=&#8221;1.5&#8243; parallax_speed_bg=&#8221;1.5&#8243; css=&#8221;.vc_custom_1490025404719{background-image: url(https:\/\/www.unica.host\/wp-content\/uploads\/2016\/03\/pricingbox-bg-dark.jpg?id=223) !important;background-position: center !important;background-repeat: no-repeat !important;background-size: cover !important;}&#8221;][vc_column width=&#8221;11\/12&#8243; el_class=&#8221;center-block&#8221;][vc_row_inner][vc_column_inner width=&#8221;1\/3&#8243;]    <div class=\"pricingbox headerimg\">\n  <div class=\"verticalbottom\">\n    <div class=\"pricing-plan red\">\n      <div class=\"pricing-title\">WEBHOTEL<\/div>\n      <div class=\"pricing-price\"><div class=\"starting\">PRIS FRA<\/div>DKK 15<span>\/m<\/span><\/div>\n      <div class=\"pricing-features\">\n\n        <div class=\"progressbars\">\n          <div class=\"row\">\n            <div class=\"col-sm-2\"><p>DISK<\/p><\/div>\n            <div class=\"col-sm-10\"><div class=\"progress red\"><span class=\"meter\"  style=\"width:10%\" ><\/span><\/div><\/div>\n          <\/div>\n        <\/div>\n\n        <div class=\"progressbars\">\n          <div class=\"row\">\n            <div class=\"col-sm-2\"><p>TRAF.<\/p><\/div>\n            <div class=\"col-sm-10\"><div class=\"progress red\"><span class=\"meter\" style=\"width:20%\"><\/span><\/div><\/div>\n          <\/div>\n        <\/div>\n\n        <div class=\"progressbars\">\n          <div class=\"row\">\n            <div class=\"col-sm-2\"><p>MAIL<\/p><\/div>\n            <div class=\"col-sm-10\"><div class=\"progress red\"><span class=\"meter\" style=\"width:20%\"><\/span><\/div><\/div>\n          <\/div>\n        <\/div>\n              <\/div>\n      <div class=\"text-center\"><a class=\"mtr-btn button-raised ripple\" href=\"\/da\/kundecenter\/?ccce=cart&#038;gid=1&#038;currency=1&#038;language=Danish&#038;carttpl=modern\">bestil nu<\/a><\/div>\n    <\/div>\n  <\/div>\n  <\/div>\n    [\/vc_column_inner][vc_column_inner width=&#8221;1\/3&#8243;]    <div class=\"pricingbox headerimg\">\n  <div class=\"\">\n    <div class=\"pricing-plan purple\">\n      <div class=\"pricing-title\">CLOUD VPS<\/div>\n      <div class=\"pricing-price\"><div class=\"starting\">PRIS FRA<\/div>DKK 119<span>\/m<\/span><\/div>\n      <div class=\"pricing-features\">\n\n        <div class=\"progressbars\">\n          <div class=\"row\">\n            <div class=\"col-sm-2\"><p>CPU<\/p><\/div>\n            <div class=\"col-sm-10\"><div class=\"progress purple\"><span class=\"meter\"  style=\"width:60%\" ><\/span><\/div><\/div>\n          <\/div>\n        <\/div>\n\n        <div class=\"progressbars\">\n          <div class=\"row\">\n            <div class=\"col-sm-2\"><p>RAM<\/p><\/div>\n            <div class=\"col-sm-10\"><div class=\"progress purple\"><span class=\"meter\" style=\"width:50%\"><\/span><\/div><\/div>\n          <\/div>\n        <\/div>\n\n        <div class=\"progressbars\">\n          <div class=\"row\">\n            <div class=\"col-sm-2\"><p>DISK<\/p><\/div>\n            <div class=\"col-sm-10\"><div class=\"progress purple\"><span class=\"meter\" style=\"width:70%\"><\/span><\/div><\/div>\n          <\/div>\n        <\/div>\n<ul>\n<li>10 minutters installation<\/li>\n<li>Fuld Root Access<\/li>\n<li>Ingen ops\u00e6tningsgebyrer<\/li>\n<\/ul>\n<p>      <\/div>\n      <div class=\"text-center\"><a class=\"mtr-btn button-raised ripple\" href=\"\/da\/kundecenter\/?ccce=cart&#038;gid=3&#038;currency=1&#038;language=Danish&#038;carttpl=modern\">bestil nu<\/a><\/div>\n    <\/div>\n  <\/div>\n  <\/div>\n    [\/vc_column_inner][vc_column_inner width=&#8221;1\/3&#8243;]    <div class=\"pricingbox headerimg\">\n  <div class=\"verticalbottom\">\n    <div class=\"pricing-plan blue\">\n      <div class=\"pricing-title\">ONLINE BACKUP<\/div>\n      <div class=\"pricing-price\"><div class=\"starting\">PRIS FRA<\/div>DKK 50<span>\/m<\/span><\/div>\n      <div class=\"pricing-features\">\n\n        <div class=\"progressbars\">\n          <div class=\"row\">\n            <div class=\"col-sm-2\"><p>DISK<\/p><\/div>\n            <div class=\"col-sm-10\"><div class=\"progress blue\"><span class=\"meter\"  style=\"width:90%\" ><\/span><\/div><\/div>\n          <\/div>\n        <\/div>\n\n        <div class=\"progressbars\">\n          <div class=\"row\">\n            <div class=\"col-sm-2\"><p>TRAF.<\/p><\/div>\n            <div class=\"col-sm-10\"><div class=\"progress blue\"><span class=\"meter\" style=\"width:100%\"><\/span><\/div><\/div>\n          <\/div>\n        <\/div>\n\n        <div class=\"progressbars\">\n          <div class=\"row\">\n            <div class=\"col-sm-2\"><p>PCs<\/p><\/div>\n            <div class=\"col-sm-10\"><div class=\"progress blue\"><span class=\"meter\" style=\"width:100%\"><\/span><\/div><\/div>\n          <\/div>\n        <\/div>\n              <\/div>\n      <div class=\"text-center\"><a class=\"mtr-btn button-raised ripple\" href=\"\/da\/kundecenter\/?ccce=cart&#038;a=add&#038;pid=26&#038;currency=1&#038;language=Danish&#038;carttpl=modern\">bestil nu<\/a><\/div>\n    <\/div>\n  <\/div>\n  <\/div>\n    [\/vc_column_inner][\/vc_row_inner][\/vc_column][\/vc_row][vc_row parallax_speed_video=&#8221;1.5&#8243; parallax_speed_bg=&#8221;1.5&#8243; css=&#8221;.vc_custom_1463545229581{border-top-width: 1px !important;padding-top: 55px !important;padding-bottom: 55px !important;background-color: #212832 !important;border-top-color: #252d38 !important;border-top-style: solid !important;}&#8221;][vc_column][vc_custom_heading text=&#8221;FIND DIT DOM\u00c6NENAVN&#8221; font_container=&#8221;tag:h1|font_size:29|text_align:center|color:%23ffffff&#8221; use_theme_fonts=&#8221;yes&#8221;]<div class=\"domain-form-container ch-domain-search grey-dark\" id=\"ch-search-domain69fb534da3b47\"><div class=\"row\">\n                          <div class=\"col-domain material col-sm-7 col-md-8 domainsearchform\" data-explain=\"\" data-opt1id=\"\" data-opt2id=\"\" data-opt1t=\"\" data-opt2t=\"\">\n                            <div class=\"col-domain-text material-input input\">\n                             <input class=\"domain-text form-control\" type=\"text\" name=\"domain\" id=\"domain\">\n                             <span class=\"material-bar\"><\/span>\n                             <label for=\"domain\">Dom\u00e6ne s\u00f8gning<\/label>\n                            <\/div>\n                          <\/div><div class=\"col-options material col-sm-3 col-md-2\"><div class=\"col-select material-select\"><label for=\"select-0\"><span class=\"ext-domain\">all<\/span><strong><\/strong><\/label>\n                        <input type=\"checkbox\" id=\"select-0\">\n                        \n                        <ul class=\"radio\"><li><input type=\"radio\" value=\"undefined\" name=\"undefined\" id=\"undefined-0\"><label for=\"undefined-0\">all<\/label><\/li><li class=\"loop\"><input type=\"radio\" value=\".dk\" name=\"undefined\" id=\"undefined-1\"><label for=\"undefined-1\">.dk<\/label><\/li><li class=\"loop\"><input type=\"radio\" value=\".com\" name=\"undefined\" id=\"undefined-2\"><label for=\"undefined-2\">.com<\/label><\/li><li class=\"loop\"><input type=\"radio\" value=\".net\" name=\"undefined\" id=\"undefined-3\"><label for=\"undefined-3\">.net<\/label><\/li><li class=\"loop\"><input type=\"radio\" value=\".info\" name=\"undefined\" id=\"undefined-4\"><label for=\"undefined-4\">.info<\/label><\/li><li class=\"loop\"><input type=\"radio\" value=\".org\" name=\"undefined\" id=\"undefined-5\"><label for=\"undefined-5\">.org<\/label><\/li><li class=\"loop\"><input type=\"radio\" value=\".us\" name=\"undefined\" id=\"undefined-6\"><label for=\"undefined-6\">.us<\/label><\/li><li class=\"loop\"><input type=\"radio\" value=\".uk\" name=\"undefined\" id=\"undefined-7\"><label for=\"undefined-7\">.uk<\/label><\/li><li class=\"loop\"><input type=\"radio\" value=\".es\" name=\"undefined\" id=\"undefined-8\"><label for=\"undefined-8\">.es<\/label><\/li><\/ul><\/div><\/div><div class=\"col-sm-2\"><a href=\"#\" class=\"btn-search mtr-btn button-fab btn-wide ripple\">S\u00f8g<\/a><\/div><\/div><div class=\"ch-domain-results row\"><\/div><div class=\"text-center\"><a href=\"\/da\/kundecenter\/?language=Danish&#038;currency=1&#038;ccce=domainchecker\" class=\"ch-domain-more\">S\u00f8g flere dom\u00e6ner<\/a><\/div><\/div>[\/vc_column][\/vc_row][vc_row parallax_speed_video=&#8221;1.5&#8243; parallax_speed_bg=&#8221;1.5&#8243; css=&#8221;.vc_custom_1459313003197{padding-top: 55px !important;padding-bottom: 55px !important;background-color: #f0f0f0 !important;}&#8221;][vc_column][vc_empty_space height=&#8221;50px&#8221;][\/vc_column][vc_column width=&#8221;1\/3&#8243; animate=&#8221;fadeinup&#8221; time=&#8221;300&#8243; distance=&#8221;1000&#8243;]  <div class=\"introcolumns\">\n  <div class=\"circle\" style=\"background-color:\"><i class=\"fa fa-rocket\"><\/i><\/div>\n          <h4>Cloud Hosting<\/h4>\n          <p>Vores platform er arrangeret i clusters med &#8220;no single point of failure&#8221;, der giver optimal sikkerhed\u00a0af dine data. Den robuste arkitektur er designet til at give dig maximal oppetid, med al den kraft og stabilitet, din forretning beh\u00f8ver.<\/p>\n  <\/div>\n  [\/vc_column][vc_column width=&#8221;1\/3&#8243; animate=&#8221;fadeinup&#8221; time=&#8221;600&#8243; distance=&#8221;1000&#8243;]  <div class=\"introcolumns\">\n  <div class=\"circle\" style=\"background-color:\"><i class=\"\"><\/i><\/div>\n          <h4>24x7 kunde support<\/h4>\n          <p>Har du brug for hj\u00e6lp, s\u00e5 er vores dygtige\u00a0supportere klar til at hj\u00e6lpe dig 24x7x365. Vores support team er placeret i vores hovedkontor i Karlslunde, og er uddannet til, at give dig personlig og praktisk r\u00e5d og vejledning.<\/p>\n  <\/div>\n  [\/vc_column][vc_column width=&#8221;1\/3&#8243; animate=&#8221;fadeinup&#8221; time=&#8221;900&#8243; distance=&#8221;1000&#8243;]  <div class=\"introcolumns\">\n  <div class=\"circle\" style=\"background-color:\"><i class=\"fa fa-gg\"><\/i><\/div>\n          <h4>Kvalitets hosting<\/h4>\n          <p>Vores robuste cloud hosting platform er bygget p\u00e5 den seneste server hardware og teknologi, som er sikret i et moderne datacenter. Det er din garanti for hastighed, kvalitet og tryghed.<\/p>\n  <\/div>\n  [\/vc_column][\/vc_row][vc_row fullwidth=&#8221;yes&#8221; parallax_speed_video=&#8221;1.5&#8243; parallax_speed_bg=&#8221;1.5&#8243;][vc_column animate=&#8221;fadeinup&#8221; time=&#8221;200&#8243; distance=&#8221;1000&#8243;]  <div class=\"calltoaction\" style=\"background-image:url(https:\/\/www.unica.host\/wp-content\/uploads\/2016\/03\/calltoaction.jpg)\">\n    <h2 class=\"text-center\">S\u00c6T DIN KREATIVITET FRI      <span>INSTALL\u00c9R DIN CLOUD SERVER P\u00c5 F\u00c5 MINUTTER<\/span>\n    <\/h2>\n      <div class=\"text-center\">\n      <a data-gal=\"m_PageScroll2id\" data-ps2id-offset=\"78\" class=\"mtr-btn button-fab ripple\" href=\"http:\/\/www.unica.host\/da\/cloud-vps\/\" title=\"OPRET NU\" target=\"_self\">OPRET NU<\/a>      <\/div>\n  <\/div>\n  [\/vc_column][\/vc_row][vc_row parallax_speed_video=&#8221;1.5&#8243; parallax_speed_bg=&#8221;1.5&#8243; css=&#8221;.vc_custom_1459313803826{padding-top: 60px !important;padding-bottom: 60px !important;background-color: #eeeeee !important;}&#8221;][vc_column width=&#8221;1\/2&#8243; animate=&#8221;fadeinleft&#8221; time=&#8221;200&#8243; distance=&#8221;1000&#8243; el_class=&#8221;various &#8220;][vc_custom_heading text=&#8221;HVORFOR UNICA HOST?<br \/>\n&#8221; font_container=&#8221;tag:h2|font_size:29px|text_align:left&#8221; use_theme_fonts=&#8221;yes&#8221; css=&#8221;.vc_custom_1489481644931{margin-bottom: 0px !important;padding-top: 15px !important;}&#8221;]  <div class=\"titleborder dark centered\"  style=\"width:80%;\">\n      <div class=\"titleborder_left\"  style=\"background-color:#eeeeee; width:0\"><\/div>\n      <div class=\"titleborder_sign\" style=\"background-color:; width:14%; left:15px\"><\/div>\n      <div class=\"titleborder_right\" style=\"background-color:#eeeeee; width:80%\"><\/div>\n  <\/div>\n\n        <h5>Gennemt\u00e6nkt infrastruktur<\/h5>\n      <p>Vores hosting er baseret p\u00e5 en cloud arkitektur, som sikrer\u00a0stabilitet og en h\u00f8j oppetid p\u00e5\u00a0din hjemmeside.<\/p>\n<p><\/p>\n          <h5>Stabil ydeevne<\/h5>\n      <p>Vores netv\u00e6rk har\u00a0lynhurtig forbindelse til alle vores servere, som er udstyret med den allernyeste Intel teknologi.\u00a0Dette\u00a0sikrer dig\u00a0hurtig afvikling af foresp\u00f8rgsler og svartider p\u00e5 din hjemmeside.<\/p>\n          <h5>Avanceret hardware<\/h5>\n      <p>Vi benytter os udelukkende af avancerede Dell servere med den seneste generation af Intel processorer. Dette betyder at du kan vide dig tryg i at din hjemmeside k\u00f8rer hurtig.<\/p>\n        <a href=\"\" class=\"mtr-btn button-blue ripple\">L\u00e6s mere<\/a>\n  \n  [\/vc_column][vc_column width=&#8221;1\/2&#8243; animate=&#8221;fadeinright&#8221; time=&#8221;200&#8243; distance=&#8221;500&#8243;]    <div class=\"row various\">\n    <div class=\"col-sm-3 col-md-2\"><i class=\"fa fa-shield\"><\/i><\/div>    <div class=\"col-sm-9 col-md-10\"><h5>Sikkerhed<\/h5>\n      <p>Vores datacenter er bemandet med tekniske eksperter som monitorerer vores servere d\u00f8gnet rundt. De arbejder efter\u00a0strenge sikkerhedskrav, som inkludere kameraoverv\u00e5gning og Firewall beskyttelse. Alt sammen for at sikre dine data.<\/p><\/div>\n  <\/div>   \n    [\/vc_column][vc_column width=&#8221;1\/2&#8243; animate=&#8221;fadeinright&#8221; time=&#8221;300&#8243; distance=&#8221;500&#8243;]    <div class=\"row various\">\n    <div class=\"col-sm-3 col-md-2\"><i class=\"fa fa-dot-circle-o\"><\/i><\/div>    <div class=\"col-sm-9 col-md-10\"><h5>Snapshot backup<\/h5>\n      <p>Snapshot backup giver dig en total kopi af din server eller hosting pakke. De kan forudindstilles eller afvikles on-demand.<\/p><\/div>\n  <\/div>   \n    [\/vc_column][vc_column width=&#8221;1\/2&#8243; animate=&#8221;fadeinright&#8221; time=&#8221;400&#8243; distance=&#8221;500&#8243;]    <div class=\"row various\">\n    <div class=\"col-sm-3 col-md-2\"><i class=\"fa fa-code-fork\"><\/i><\/div>    <div class=\"col-sm-9 col-md-10\"><h5>10 Gigabit netv\u00e6rk<\/h5>\n      <p>Vores netv\u00e6rk er baseret p\u00e5 den\u00a0absolut seneste Cisco arkitektur med &#8220;no single point of failure&#8221;. Vi har flere 10 Gigabit forbindelser til internettet via forskellige backbone udbydere.<\/p>\n<p><\/p><\/div>\n  <\/div>   \n    [\/vc_column][vc_column width=&#8221;1\/2&#8243; animate=&#8221;fadeinright&#8221; time=&#8221;500&#8243; distance=&#8221;500&#8243;]    <div class=\"row various\">\n    <div class=\"col-sm-3 col-md-2\"><i class=\"fa fa-compass\"><\/i><\/div>    <div class=\"col-sm-9 col-md-10\"><h5>Skr\u00e6ddersyet til dig<\/h5>\n      <p>Vi sigter efter den bedste platform til din hjemmeside. Vi benytter os af, og tilbyder dig, de nyeste teknologier som sikrer dig tryghed samt en p\u00e5lidelig og h\u00f8j ydeevne p\u00e5 din hjemmeside.<\/p><\/div>\n  <\/div>   \n    [\/vc_column][\/vc_row][vc_row parallax_speed_video=&#8221;1.5&#8243; parallax_speed_bg=&#8221;1.5&#8243; css=&#8221;.vc_custom_1459322208438{padding-top: 55px !important;padding-bottom: 75px !important;}&#8221;][vc_column][vc_custom_heading text=&#8221;KRAFTFULD WORDPRESS HOSTING&#8221; font_container=&#8221;tag:h3|font_size:29px|text_align:center&#8221; use_theme_fonts=&#8221;yes&#8221; css=&#8221;.vc_custom_1489484260701{margin-bottom: 45px !important;}&#8221;] \n  <div class=\"newplans_box\"><\/div>\n\n  [\/vc_column][vc_column width=&#8221;1\/3&#8243; animate=&#8221;fadeinup&#8221; time=&#8221;200&#8243; distance=&#8221;300&#8243;]          <div class=\"newplanscolumn\">\n        <h5>Install\u00e9r med bare \u00e9t klik<\/h5>        <p>Du kan installere WordPress p\u00e5 kortere tid end det tager at brygge en kop kaffe. Takket v\u00e6re vores 1-klik installation, beh\u00f8ver du ikke at downloade eller uploade filer, ops\u00e6tte databaser eller \u00e6ndre rettigheder.<\/p>\n      <\/div>\n      [\/vc_column][vc_column width=&#8221;1\/3&#8243; animate=&#8221;fadeinup&#8221; time=&#8221;400&#8243; distance=&#8221;300&#8243;]          <div class=\"newplanscolumn\">\n        <h5>Pr\u00e6-installeret JetPack plugin<\/h5>        <p>Din 1-klik WordPress installation inkluderer den kraftfulde Jetpack plugin som standard. Del opslag p\u00e5 sociale medier, tjek web statistik, beskyt din hjemmeside mod u\u00f8nskede logins, tilf\u00f8j en kontakt formular, monitor\u00e9r oppetid og meget mere.<\/p>\n      <\/div>\n      [\/vc_column][vc_column width=&#8221;1\/3&#8243; animate=&#8221;fadeinup&#8221; time=&#8221;600&#8243; distance=&#8221;300&#8243;]          <div class=\"newplanscolumn\">\n        <h5>Stabil ydeevne<\/h5>        <p>Vores cloud hosting platform benytter &#8220;load balancing&#8221; til at fordele web trafikken ligeligt mellem serverne. Dette sikrer at ydeevnen og hastigheden p\u00e5\u00a0din hjemmeside, ikke bliver p\u00e5virket selv i perioder med h\u00f8j trafik.<\/p>\n      <\/div>\n      [\/vc_column][\/vc_row][vc_row parallax_speed_video=&#8221;1.5&#8243; parallax_speed_bg=&#8221;1.5&#8243; css=&#8221;.vc_custom_1459323752318{border-top-width: 1px !important;padding-top: 35px !important;padding-bottom: 35px !important;background-color: #f0f0f0 !important;border-top-color: #e4e4e4 !important;border-top-style: solid !important;}&#8221;][vc_column]\n\t<div id=\"company-partners\">\n    \t                 \t\n\t        <div class=\"item\"><img decoding=\"async\" src=\"https:\/\/www.unica.host\/wp-content\/uploads\/2016\/03\/1.png\" alt=\"1\"><\/div>\n                               \t\n\t        <div class=\"item\"><img decoding=\"async\" src=\"https:\/\/www.unica.host\/wp-content\/uploads\/2016\/03\/2.png\" alt=\"2\"><\/div>\n                               \t\n\t        <div class=\"item\"><img decoding=\"async\" src=\"https:\/\/www.unica.host\/wp-content\/uploads\/2016\/03\/3.png\" alt=\"3\"><\/div>\n                               \t\n\t        <div class=\"item\"><img decoding=\"async\" src=\"https:\/\/www.unica.host\/wp-content\/uploads\/2016\/03\/4.png\" alt=\"4\"><\/div>\n                               \t\n\t        <div class=\"item\"><img decoding=\"async\" src=\"https:\/\/www.unica.host\/wp-content\/uploads\/2016\/03\/5.png\" alt=\"5\"><\/div>\n                               \t\n\t        <div class=\"item\"><img decoding=\"async\" src=\"https:\/\/www.unica.host\/wp-content\/uploads\/2016\/03\/6.png\" alt=\"6\"><\/div>\n                               \t\n\t        <div class=\"item\"><img decoding=\"async\" src=\"https:\/\/www.unica.host\/wp-content\/uploads\/2016\/03\/7.png\" alt=\"7\"><\/div>\n                               \t\n\t        <div class=\"item\"><img decoding=\"async\" src=\"https:\/\/www.unica.host\/wp-content\/uploads\/2016\/03\/8.png\" alt=\"8\"><\/div>\n                               \t\n\t        <div class=\"item\"><img decoding=\"async\" src=\"https:\/\/www.unica.host\/wp-content\/uploads\/2016\/03\/9.png\" alt=\"9\"><\/div>\n                               \t\n\t        <div class=\"item\"><img decoding=\"async\" src=\"https:\/\/www.unica.host\/wp-content\/uploads\/2016\/03\/1-1.png\" alt=\"1\"><\/div>\n                               \t\n\t        <div class=\"item\"><img decoding=\"async\" src=\"https:\/\/www.unica.host\/wp-content\/uploads\/2016\/03\/2-1.png\" alt=\"2\"><\/div>\n                               \t\n\t        <div class=\"item\"><img decoding=\"async\" src=\"https:\/\/www.unica.host\/wp-content\/uploads\/2016\/03\/3-1.png\" alt=\"3\"><\/div>\n                               \t\n\t        <div class=\"item\"><img decoding=\"async\" src=\"https:\/\/www.unica.host\/wp-content\/uploads\/2016\/03\/4-1.png\" alt=\"4\"><\/div>\n                               \t\n\t        <div class=\"item\"><img decoding=\"async\" src=\"https:\/\/www.unica.host\/wp-content\/uploads\/2016\/03\/5-1.png\" alt=\"5\"><\/div>\n                               \t\n\t        <div class=\"item\"><img decoding=\"async\" src=\"https:\/\/www.unica.host\/wp-content\/uploads\/2016\/03\/6-1.png\" alt=\"6\"><\/div>\n                               \t\n\t        <div class=\"item\"><img decoding=\"async\" src=\"https:\/\/www.unica.host\/wp-content\/uploads\/2016\/03\/7-1.png\" alt=\"7\"><\/div>\n                               \t\n\t        <div class=\"item\"><img decoding=\"async\" src=\"https:\/\/www.unica.host\/wp-content\/uploads\/2016\/03\/8-1.png\" alt=\"8\"><\/div>\n                               \t\n\t        <div class=\"item\"><img decoding=\"async\" src=\"https:\/\/www.unica.host\/wp-content\/uploads\/2016\/03\/9-1.png\" alt=\"9\"><\/div>\n                <\/div> \n\n\t[\/vc_column][\/vc_row]<\/p>\n<\/div>","protected":false},"excerpt":{"rendered":"<p>[vc_row fullwidth=&#8221;yes&#8221; parallax_speed_video=&#8221;1.5&#8243; parallax_speed_bg=&#8221;1.5&#8243;][vc_column][\/vc_column][\/vc_row][vc_row parallax_speed_video=&#8221;1.5&#8243; parallax_speed_bg=&#8221;1.5&#8243; css=&#8221;.vc_custom_1490025404719{background-image: url(https:\/\/www.unica.host\/wp-content\/uploads\/2016\/03\/pricingbox-bg-dark.jpg?id=223) !important;background-position: center !important;background-repeat: no-repeat !important;background-size: cover !important;}&#8221;][vc_column width=&#8221;11\/12&#8243; el_class=&#8221;center-block&#8221;][vc_row_inner][vc_column_inner width=&#8221;1\/3&#8243;][\/vc_column_inner][vc_column_inner width=&#8221;1\/3&#8243;][\/vc_column_inner][vc_column_inner width=&#8221;1\/3&#8243;][\/vc_column_inner][\/vc_row_inner][\/vc_column][\/vc_row][vc_row parallax_speed_video=&#8221;1.5&#8243; parallax_speed_bg=&#8221;1.5&#8243; css=&#8221;.vc_custom_1463545229581{border-top-width: 1px !important;padding-top: 55px !important;padding-bottom: 55px !important;background-color: #212832 !important;border-top-color: #252d38 !important;border-top-style: solid !important;}&#8221;][vc_column][vc_custom_heading text=&#8221;FIND DIT DOM\u00c6NENAVN&#8221; font_container=&#8221;tag:h1|font_size:29|text_align:center|color:%23ffffff&#8221; use_theme_fonts=&#8221;yes&#8221;][\/vc_column][\/vc_row][vc_row parallax_speed_video=&#8221;1.5&#8243; parallax_speed_bg=&#8221;1.5&#8243; css=&#8221;.vc_custom_1459313003197{padding-top: 55px !important;padding-bottom: 55px !important;background-color: #f0f0f0 !important;}&#8221;][vc_column][vc_empty_space height=&#8221;50px&#8221;][\/vc_column][vc_column width=&#8221;1\/3&#8243; animate=&#8221;fadeinup&#8221; time=&#8221;300&#8243; distance=&#8221;1000&#8243;][\/vc_column][vc_column width=&#8221;1\/3&#8243; [&hellip;]<\/p>\n","protected":false},"author":1,"featured_media":0,"parent":0,"menu_order":0,"comment_status":"closed","ping_status":"closed","template":"page-templates\/template-canvas.php","meta":{"footnotes":""},"_links":{"self":[{"href":"https:\/\/www.unica.host\/da\/wp-json\/wp\/v2\/pages\/1245"}],"collection":[{"href":"https:\/\/www.unica.host\/da\/wp-json\/wp\/v2\/pages"}],"about":[{"href":"https:\/\/www.unica.host\/da\/wp-json\/wp\/v2\/types\/page"}],"author":[{"embeddable":true,"href":"https:\/\/www.unica.host\/da\/wp-json\/wp\/v2\/users\/1"}],"replies":[{"embeddable":true,"href":"https:\/\/www.unica.host\/da\/wp-json\/wp\/v2\/comments?post=1245"}],"version-history":[{"count":22,"href":"https:\/\/www.unica.host\/da\/wp-json\/wp\/v2\/pages\/1245\/revisions"}],"predecessor-version":[{"id":1715,"href":"https:\/\/www.unica.host\/da\/wp-json\/wp\/v2\/pages\/1245\/revisions\/1715"}],"wp:attachment":[{"href":"https:\/\/www.unica.host\/da\/wp-json\/wp\/v2\/media?parent=1245"}],"curies":[{"name":"wp","href":"https:\/\/api.w.org\/{rel}","templated":true}]}}