{"id":1260,"date":"2017-03-14T10:54:06","date_gmt":"2017-03-14T09:54:06","guid":{"rendered":"http:\/\/www.unica.host\/?page_id=1260\/"},"modified":"2017-08-17T14:55:55","modified_gmt":"2017-08-17T12:55:55","slug":"webhotel","status":"publish","type":"page","link":"https:\/\/www.unica.host\/da\/webhotel\/","title":{"rendered":"Webhoteller"},"content":{"rendered":"<div class=\"wpb-content-wrapper\"><p>[vc_row fullwidth=&#8221;yes&#8221; parallax_speed_video=&#8221;1.5&#8243; parallax_speed_bg=&#8221;1.5&#8243;][vc_column]      <div id=\"subheader\" class=\"dedicated-servers\" style=\"background-image:url(https:\/\/www.unica.host\/wp-content\/uploads\/2016\/03\/shared-bg.png)\">\n      <div class=\"subheader-text\">\n        <h1 style=\"color:\">WEBHOTELLER<\/h1>\n        <h2 style=\"color:\">Kombineret med vores 24x7x365 support<\/h2>\n      <\/div>\n    <\/div>\n    [\/vc_column][\/vc_row][vc_row parallax_speed_video=&#8221;1.5&#8243; parallax_speed_bg=&#8221;1.5&#8243; css=&#8221;.vc_custom_1490025540034{padding-top: 55px !important;padding-bottom: 90px !important;background: #282f39 url(https:\/\/www.unica.host\/wp-content\/uploads\/2016\/03\/pricingbox-bg-dark.jpg?id=223) !important;background-position: center !important;background-repeat: no-repeat !important;background-size: cover !important;}&#8221;][vc_column]\n  <span class=\"chooseprice\">V\u00e6lg pris efter periode<\/span>\n     <div class=\"price-per-period\">\n      <button type=\"button\" class=\"btn btn-shared-checked ripple permonth\">1 m\u00e5ned<\/button>\n      <button type=\"button\" class=\"btn btn-default ripple peryear\">12 m\u00e5neder<\/button>\n      <button type=\"button\" class=\"btn btn-default ripple per2yrs\">24 m\u00e5neder<\/button>\n    <\/div>\n\n  [vc_empty_space height=&#8221;75px&#8221;][\/vc_column][vc_column width=&#8221;1\/4&#8243;]\n  <div class=\"pricing-plan red\">\n      <div class=\"pricing-title\">BUSINESS<\/div>      <div class=\"pricing-price\">\n                <div class=\"monthprice\">DKK 110<span>\/m<\/span>\n        <\/div>\n                        <div class=\"yearprice\">DKK 1320<span>\/\u00e5r<\/span>\n        <\/div>\n                        <div class=\"twoyearprice\">DKK 2640<span>\/2 \u00e5r<\/span>\n        <\/div>\n              <\/div>\n      <div class=\"pricing-features\">\n        <\/p>\n<ul>\n<li>Ubegr\u00e6nset\u00a0diskplads<\/li>\n<li>Ubegr\u00e6nset trafik<\/li>\n<li>1 Dom\u00e6ne<\/li>\n<li>Ubegr\u00e6nset e-mail konti<\/li>\n<li>Ubegr\u00e6nset MySQL databaser<\/li>\n<li>Daglig backup<\/li>\n<\/ul>\n<p>      <\/div>\n      <div class=\"text-center\"><a class=\"mtr-btn button-raised ripple\" href=\"\/da\/kundecenter\/?ccce=cart&#038;a=add&#038;pid=5&#038;currency=1&#038;language=Danish&#038;carttpl=modern\">bestil nu<\/a><\/div>      <\/div>\n\n  [\/vc_column][vc_column width=&#8221;1\/4&#8243;]\n  <div class=\"pricing-plan red\">\n      <div class=\"pricing-title\">PROFESSIONAL<\/div>      <div class=\"pricing-price\">\n                <div class=\"monthprice\">DKK 75<span>\/m<\/span>\n        <\/div>\n                        <div class=\"yearprice\">DKK 900<span>\/\u00e5r<\/span>\n        <\/div>\n                        <div class=\"twoyearprice\">DKK 1800<span>\/2 \u00e5r<\/span>\n        <\/div>\n              <\/div>\n      <div class=\"pricing-features\">\n        <\/p>\n<ul>\n<li>100GB Diskplads<\/li>\n<li>Ubegr\u00e6nset trafik<\/li>\n<li>1 Dom\u00e6ne<\/li>\n<li>Ubegr\u00e6nset\u00a0e-mail konti<\/li>\n<li>5 MySQL databaser<\/li>\n<li>Daglig backup<\/li>\n<\/ul>\n<p>      <\/div>\n      <div class=\"text-center\"><a class=\"mtr-btn button-raised ripple\" href=\"\/da\/kundecenter\/?ccce=cart&#038;&#038;a=add&#038;pid=3&#038;currency=1&#038;language=Danish&#038;carttpl=modern\">bestil nu<\/a><\/div>      <\/div>\n\n  [\/vc_column][vc_column width=&#8221;1\/4&#8243;]\n  <div class=\"pricing-plan red\">\n      <div class=\"pricing-title\">MEDIUM<\/div>      <div class=\"pricing-price\">\n                <div class=\"monthprice\">DKK 25<span>\/m<\/span>\n        <\/div>\n                        <div class=\"yearprice\">DKK 300<span>\/\u00e5r<\/span>\n        <\/div>\n                        <div class=\"twoyearprice\">DKK 600<span>\/2 \u00e5r<\/span>\n        <\/div>\n              <\/div>\n      <div class=\"pricing-features\">\n        <\/p>\n<ul>\n<li>25GB Diskplads<\/li>\n<li>1000GB Trafik<\/li>\n<li>1 Dom\u00e6ne<\/li>\n<li>50 E-mail konti<\/li>\n<li>1 MySQL database<\/li>\n<li>Daglig backup<\/li>\n<\/ul>\n<p>      <\/div>\n      <div class=\"text-center\"><a class=\"mtr-btn button-raised ripple\" href=\"\/da\/kundecenter\/?ccce=cart&#038;&#038;a=add&#038;pid=2&#038;currency=1&#038;language=Danish&#038;carttpl=modern\">bestil nu<\/a><\/div>      <\/div>\n\n  [\/vc_column][vc_column width=&#8221;1\/4&#8243;]\n  <div class=\"pricing-plan red\">\n      <div class=\"pricing-title\">STARTER<\/div>      <div class=\"pricing-price\">\n                <div class=\"monthprice\">DKK 15<span>\/m<\/span>\n        <\/div>\n                        <div class=\"yearprice\">DKK 180<span>\/\u00e5r<\/span>\n        <\/div>\n                        <div class=\"twoyearprice\">DKK 360<span>\/2 \u00e5r<\/span>\n        <\/div>\n              <\/div>\n      <div class=\"pricing-features\">\n        <\/p>\n<ul>\n<li>5GB Diskplads<\/li>\n<li>30GB trafik<\/li>\n<li>1 Dom\u00e6ne<\/li>\n<li>10 E-mail konti<\/li>\n<li>1 MySQL database<\/li>\n<li>Daglig backup<\/li>\n<\/ul>\n<p>      <\/div>\n      <div class=\"text-center\"><a class=\"mtr-btn button-raised ripple\" href=\"\/da\/kundecenter\/?ccce=cart&#038;&#038;a=add&#038;pid=1&#038;currency=1&#038;language=Danish&#038;carttpl=modern\">bestil nu<\/a><\/div>      <\/div>\n\n  [\/vc_column][\/vc_row][vc_row parallax_speed_video=&#8221;1.5&#8243; parallax_speed_bg=&#8221;1.5&#8243; css=&#8221;.vc_custom_1459498653299{padding-bottom: 70px !important;}&#8221;][vc_column]<div class=\"shared-table\">\n      <button class=\"mtr-btn button-circle button-purple ripple\" id=\"show-comparison-table\"><i class=\"fa fa-plus\"><\/i><\/button>\n        <p class=\"text-center\">SAMMENLIGN WEBHOTELLER<\/p>\n        <div class=\"row spacing-25\">\n          <div class=\"col-sm-12\">\n            <table class=\"products-table responsive tablesaw tablesaw-stack \" data-tablesaw-mode=\"stack\"><thead><tr><th class=\"\"><\/th><th class=\"\">STARTER<\/th><th class=\"\">MEDIUM<\/th><th class=\"\">PROFESSIONAL<\/th><th class=\"\">BUSINESS<\/th><\/tr><\/thead><tbody><tr><td >Diskplads<\/td><td >5GB<\/td><td >25GB<\/td><td >100GB<\/td><td >Ubegr\u00e6nset<br \/><\/td><\/tr><tr><td >Dom\u00e6ner<\/td><td >1<\/td><td >1<\/td><td >1<\/td><td >1<br \/><\/td><\/tr><tr><td >E-mail konti<\/td><td >10<\/td><td >50<\/td><td >Ubegr\u00e6nset<\/td><td >Ubegr\u00e6nset<br \/><\/td><\/tr><tr><td >Ubegr\u00e6nset FTP konti<\/td><td ><i class=\"fa fa-times\"><\/i><\/td><td ><i class=\"fa fa-times\"><\/i><\/td><td ><i class=\"fa fa-check\"><\/i><\/td><td ><i class=\"fa fa-check\"><\/i><br \/><\/td><\/tr><tr><td >Linux PHP<\/td><td ><i class=\"fa fa-check\"><\/i><\/td><td ><i class=\"fa fa-check\"><\/i><\/td><td ><i class=\"fa fa-check\"><\/i><\/td><td ><i class=\"fa fa-check\"><\/i><br \/><\/td><\/tr><tr><td >Windows ASP<\/td><td ><i class=\"fa fa-check\"><\/i><\/td><td ><i class=\"fa fa-check\"><\/i><\/td><td ><i class=\"fa fa-check\"><\/i><\/td><td ><i class=\"fa fa-check\"><\/i><br \/><\/td><\/tr><tr><td >Raid 10 Storage<\/td><td ><i class=\"fa fa-check\"><\/i><\/td><td ><i class=\"fa fa-check\"><\/i><\/td><td ><i class=\"fa fa-check\"><\/i><\/td><td ><i class=\"fa fa-check\"><\/i><br \/><\/td><\/tr><tr><td >Trafik<\/td><td >30GB<\/td><td >100GB<\/td><td >Ubegr\u00e6nset<\/td><td >Ubegr\u00e6nset<br \/><\/td><\/tr><tr><td >Ubegr\u00e6nset parkerede dom\u00e6ner<\/td><td ><i class=\"fa fa-times\"><\/i><\/td><td ><i class=\"fa fa-times\"><\/i><\/td><td ><i class=\"fa fa-check\"><\/i><\/td><td ><i class=\"fa fa-check\"><\/i><br \/><\/td><\/tr><tr><td >24&#215;7 Support<\/td><td ><i class=\"fa fa-check\"><\/i><\/td><td ><i class=\"fa fa-check\"><\/i><\/td><td ><i class=\"fa fa-check\"><\/i><\/td><td ><i class=\"fa fa-check\"><\/i><br \/><\/td><\/tr><tr><td >Telefon support i kontortid<\/td><td ><i class=\"fa fa-times\"><\/i><\/td><td ><i class=\"fa fa-times\"><\/i><\/td><td ><i class=\"fa fa-times\"><\/i><\/td><td ><i class=\"fa fa-check\"><\/i><br \/><\/td><\/tr><tr><td >Pris pr. m\u00e5ned<\/td><td >DKK 15<\/td><td >DKK 25<\/td><td >DKK 75<\/td><td >DKK 110<br \/><\/td><\/tr><tr><td >Pris pr. \u00e5r<\/td><td >DKK 180<\/td><td >DKK 300<\/td><td >DKK 900<\/td><td >DKK 1320<br \/><\/td><\/tr><tr><td >Pris for 2 \u00e5r<\/td><td >DKK 360<\/td><td >DKK 600<\/td><td >DKK 1800<\/td><td >DKK 2640<br \/><\/td><\/tr><tr><td >Bestil<\/td><td ><a class=\"mtr-btn button-fab ripple btn-sm\" href=\"\/da\/kundecenter\/?ccce=cart&amp;gid=1&amp;currency=1&amp;language=Danish&amp;carttpl=modern\">BESTIL NU<\/a><\/td><td ><a class=\"mtr-btn button-fab ripple btn-sm\" href=\"\/da\/kundecenter\/?ccce=cart&amp;gid=1&amp;currency=1&amp;language=Danish&amp;carttpl=modern\">BESTIL NU<\/a><\/td><td ><a class=\"mtr-btn button-fab ripple btn-sm\" href=\"\/da\/kundecenter\/?ccce=cart&amp;gid=1&amp;currency=1&amp;language=Danish&amp;carttpl=modern\">BESTIL NU<\/a><\/td><td ><a class=\"mtr-btn button-fab ripple btn-sm\" href=\"\/da\/kundecenter\/?ccce=cart&amp;gid=1&amp;currency=1&amp;language=Danish&amp;carttpl=modern\">BESTIL NU<\/a><\/td><\/tr><\/tbody><\/table>\n          <\/div>\n        <\/div>\n      <\/div>[\/vc_column][vc_column][vc_custom_heading text=&#8221;DET UNIKKE VED UNICA&#8221; font_container=&#8221;tag:h3|font_size:29px|text_align:center&#8221; use_theme_fonts=&#8221;yes&#8221; css=&#8221;.vc_custom_1489487570610{margin-bottom: 45px !important;}&#8221;] \n  <div class=\"newplans_box\"><\/div>\n\n  [vc_column_text css=&#8221;.vc_custom_1489487653067{margin-bottom: 12px !important;}&#8221;]<\/p>\n<p style=\"text-align: center;\">Vores platform er arrangeret i clusters med \u201cno single point of failure\u201d, der giver optimal sikkerhed af dine data. Den robuste arkitektur er designet til at give dig maximal oppetid, med al den kraft og stabilitet, din forretning beh\u00f8ver.<\/p>\n<p>[\/vc_column_text][\/vc_column][vc_column width=&#8221;1\/3&#8243; animate=&#8221;fadeinleft&#8221; time=&#8221;100&#8243; css=&#8221;.vc_custom_1459407909307{padding-right: 0px !important;padding-left: 0px !important;}&#8221;]        <div class=\"fully-managed\">\n      <div class=\"block-grid-item\">\n        <img decoding=\"async\" src=\"https:\/\/www.unica.host\/wp-content\/uploads\/2016\/03\/icon7-1.png\" alt=\"\" \/>\n        <h5>GARANTERET 99,99% OPPETID<\/h5>\n        <p>Vores system er s\u00e5 p\u00e5lideligt at vi har 99,99% oppetid p\u00e5 vores webhoteller.<\/p>\n      <\/div>\n    <\/div>\n      [\/vc_column][vc_column width=&#8221;1\/3&#8243; animate=&#8221;fadeinleft&#8221; time=&#8221;150&#8243; css=&#8221;.vc_custom_1459244091196{padding-right: 0px !important;padding-left: 0px !important;}&#8221;]        <div class=\"fully-managed\">\n      <div class=\"block-grid-item\">\n        <img decoding=\"async\" src=\"https:\/\/www.unica.host\/wp-content\/uploads\/2016\/03\/icon8-1.png\" alt=\"\" \/>\n        <h5>HUNDREDEVIS AF APPS<\/h5>\n        <p>Install\u00e9r en bred vifte af popul\u00e6re apps hurtigt og nemt &#8211; bl.a. WordPress, Joomla, Drupal og andre CMS.<\/p>\n      <\/div>\n    <\/div>\n      [\/vc_column][vc_column width=&#8221;1\/3&#8243; animate=&#8221;fadeinleft&#8221; time=&#8221;200&#8243; css=&#8221;.vc_custom_1459244096755{padding-right: 0px !important;padding-left: 0px !important;}&#8221;]        <div class=\"fully-managed\">\n      <div class=\"block-grid-item\">\n        <img decoding=\"async\" src=\"https:\/\/www.unica.host\/wp-content\/uploads\/2016\/03\/icon9-1.png\" alt=\"\" \/>\n        <h5>LINUX ELLER WINDOWS<\/h5>\n        <p>Uanset om du v\u00e6lger Linux eller Windows er du sikker p\u00e5 at f\u00e5 et hurtigt, sikkert og p\u00e5lideligt webhotel.<\/p>\n      <\/div>\n    <\/div>\n      [\/vc_column][vc_column width=&#8221;1\/3&#8243; animate=&#8221;fadeinleft&#8221; time=&#8221;250&#8243; css=&#8221;.vc_custom_1459407682354{padding-right: 0px !important;padding-left: 0px !important;}&#8221;]        <div class=\"fully-managed\">\n      <div class=\"block-grid-item\">\n        <img decoding=\"async\" src=\"https:\/\/www.unica.host\/wp-content\/uploads\/2016\/03\/icon10-1.png\" alt=\"\" \/>\n        <h5>SPAM BESKYTTELSE<\/h5>\n        <p>Vi tilbyder spam filter p\u00e5 vores servere, der sikrer at u\u00f8nskede mails aldrig n\u00e5r din indbakke.<\/p>\n      <\/div>\n    <\/div>\n      [\/vc_column][vc_column width=&#8221;1\/3&#8243; animate=&#8221;fadeinleft&#8221; time=&#8221;300&#8243; css=&#8221;.vc_custom_1459407687001{padding-right: 0px !important;padding-left: 0px !important;}&#8221;]        <div class=\"fully-managed\">\n      <div class=\"block-grid-item\">\n        <img decoding=\"async\" src=\"https:\/\/www.unica.host\/wp-content\/uploads\/2016\/03\/icon11-1.png\" alt=\"\" \/>\n        <h5>FTP ADGANG<\/h5>\n        <p>H\u00e5ndt\u00e9r FTP adgang via vores kontrolpanel. L\u00e5s FTP til en specifik IP adresse, \u00e5ben for FTP adgang p\u00e5 time- eller dagsbasis.<\/p>\n      <\/div>\n    <\/div>\n      [\/vc_column][vc_column width=&#8221;1\/3&#8243; animate=&#8221;fadeinleft&#8221; time=&#8221;350&#8243; css=&#8221;.vc_custom_1459407691825{padding-right: 0px !important;padding-left: 0px !important;}&#8221;]        <div class=\"fully-managed\">\n      <div class=\"block-grid-item\">\n        <img decoding=\"async\" src=\"https:\/\/www.unica.host\/wp-content\/uploads\/2016\/03\/icon12-1.png\" alt=\"\" \/>\n        <h5>BUNDSOLIDT NETV\u00c6RK<\/h5>\n        <p>Vores netv\u00e6rk er baseret p\u00e5 den absolut seneste Cisco arkitektur med \u201cno single point of failure\u201d.<\/p>\n      <\/div>\n    <\/div>\n      [\/vc_column][\/vc_row][vc_row parallax_speed_video=&#8221;1.5&#8243; parallax_speed_bg=&#8221;1.5&#8243; css=&#8221;.vc_custom_1459759231557{padding-top: 95px !important;padding-bottom: 80px !important;}&#8221;][vc_column width=&#8221;1\/3&#8243; animate=&#8221;fadeinup&#8221; time=&#8221;100&#8243; distance=&#8221;500&#8243; el_class=&#8221;no-padding&#8221;]\n  <div class=\"skill\">\n    <h5>Prestashop<\/h5>\n    <div class=\"counter odometer\">510<\/div>\n    <div class=\"graphicline\"><span>INSTALLATIONER<\/span><img decoding=\"async\" src=\"https:\/\/www.unica.host\/wp-content\/uploads\/2016\/03\/shared-apps-line.png\" alt=\"\" \/><\/div>\n    <p><\/p>\n  <\/div>\n\n  [\/vc_column][vc_column width=&#8221;1\/3&#8243; animate=&#8221;fadeinup&#8221; time=&#8221;150&#8243; distance=&#8221;500&#8243; el_class=&#8221;no-padding&#8221;]\n  <div class=\"skill\">\n    <h5>WordPress<\/h5>\n    <div class=\"counter odometer\">8182<\/div>\n    <div class=\"graphicline\"><span>INSTALLATIONER<\/span><img decoding=\"async\" src=\"https:\/\/www.unica.host\/wp-content\/uploads\/2016\/03\/shared-apps-line2.png\" alt=\"\" \/><\/div>\n    <p><\/p>\n  <\/div>\n\n  [\/vc_column][vc_column width=&#8221;1\/3&#8243; animate=&#8221;fadeinup&#8221; time=&#8221;200&#8243; distance=&#8221;500&#8243; el_class=&#8221;no-padding&#8221;]\n  <div class=\"skill\">\n    <h5>Rails<\/h5>\n    <div class=\"counter odometer\">920<\/div>\n    <div class=\"graphicline\"><span>HOSTED APPS<\/span><img decoding=\"async\" src=\"https:\/\/www.unica.host\/wp-content\/uploads\/2016\/03\/shared-apps-line3.png\" alt=\"\" \/><\/div>\n    <p><\/p>\n  <\/div>\n\n  [\/vc_column][vc_column width=&#8221;1\/3&#8243; animate=&#8221;fadeinup&#8221; time=&#8221;250&#8243; distance=&#8221;500&#8243; el_class=&#8221;no-padding&#8221;]\n  <div class=\"skill\">\n    <h5>Drupal<\/h5>\n    <div class=\"counter odometer\">8000<\/div>\n    <div class=\"graphicline\"><span>INSTALLATIONER<\/span><img decoding=\"async\" src=\"https:\/\/www.unica.host\/wp-content\/uploads\/2016\/03\/shared-apps-line4.png\" alt=\"\" \/><\/div>\n    <p><\/p>\n  <\/div>\n\n  [\/vc_column][vc_column width=&#8221;1\/3&#8243; animate=&#8221;fadeinup&#8221; time=&#8221;300&#8243; distance=&#8221;500&#8243; el_class=&#8221;no-padding&#8221;]\n  <div class=\"skill\">\n    <h5>Python<\/h5>\n    <div class=\"counter odometer\">5001<\/div>\n    <div class=\"graphicline\"><span>HOSTED APPS<\/span><img decoding=\"async\" src=\"https:\/\/www.unica.host\/wp-content\/uploads\/2016\/03\/shared-apps-line5.png\" alt=\"\" \/><\/div>\n    <p><\/p>\n  <\/div>\n\n  [\/vc_column][vc_column width=&#8221;1\/3&#8243; animate=&#8221;fadeinup&#8221; time=&#8221;350&#8243; distance=&#8221;500&#8243; el_class=&#8221;no-padding&#8221;]\n  <div class=\"skill\">\n    <h5>Perl<\/h5>\n    <div class=\"counter odometer\">392<\/div>\n    <div class=\"graphicline\"><span>AKTIVE SCRIPTS<\/span><img decoding=\"async\" src=\"https:\/\/www.unica.host\/wp-content\/uploads\/2016\/03\/shared-apps-line6.png\" alt=\"\" \/><\/div>\n    <p><\/p>\n  <\/div>\n\n  [\/vc_column][\/vc_row]<\/p>\n<\/div>","protected":false},"excerpt":{"rendered":"<p>[vc_row fullwidth=&#8221;yes&#8221; parallax_speed_video=&#8221;1.5&#8243; parallax_speed_bg=&#8221;1.5&#8243;][vc_column][\/vc_column][\/vc_row][vc_row parallax_speed_video=&#8221;1.5&#8243; parallax_speed_bg=&#8221;1.5&#8243; css=&#8221;.vc_custom_1490025540034{padding-top: 55px !important;padding-bottom: 90px !important;background: #282f39 url(https:\/\/www.unica.host\/wp-content\/uploads\/2016\/03\/pricingbox-bg-dark.jpg?id=223) !important;background-position: center !important;background-repeat: no-repeat !important;background-size: cover !important;}&#8221;][vc_column][vc_empty_space height=&#8221;75px&#8221;][\/vc_column][vc_column width=&#8221;1\/4&#8243;][\/vc_column][vc_column width=&#8221;1\/4&#8243;][\/vc_column][vc_column width=&#8221;1\/4&#8243;][\/vc_column][vc_column width=&#8221;1\/4&#8243;][\/vc_column][\/vc_row][vc_row parallax_speed_video=&#8221;1.5&#8243; parallax_speed_bg=&#8221;1.5&#8243; css=&#8221;.vc_custom_1459498653299{padding-bottom: 70px !important;}&#8221;][vc_column][\/vc_column][vc_column][vc_custom_heading text=&#8221;DET UNIKKE VED UNICA&#8221; font_container=&#8221;tag:h3|font_size:29px|text_align:center&#8221; use_theme_fonts=&#8221;yes&#8221; css=&#8221;.vc_custom_1489487570610{margin-bottom: 45px !important;}&#8221;][vc_column_text css=&#8221;.vc_custom_1489487653067{margin-bottom: 12px !important;}&#8221;] Vores platform er arrangeret i clusters med \u201cno single point of failure\u201d, der [&hellip;]<\/p>\n","protected":false},"author":1,"featured_media":0,"parent":0,"menu_order":0,"comment_status":"closed","ping_status":"closed","template":"page-templates\/template-canvas.php","meta":{"footnotes":""},"_links":{"self":[{"href":"https:\/\/www.unica.host\/da\/wp-json\/wp\/v2\/pages\/1260"}],"collection":[{"href":"https:\/\/www.unica.host\/da\/wp-json\/wp\/v2\/pages"}],"about":[{"href":"https:\/\/www.unica.host\/da\/wp-json\/wp\/v2\/types\/page"}],"author":[{"embeddable":true,"href":"https:\/\/www.unica.host\/da\/wp-json\/wp\/v2\/users\/1"}],"replies":[{"embeddable":true,"href":"https:\/\/www.unica.host\/da\/wp-json\/wp\/v2\/comments?post=1260"}],"version-history":[{"count":18,"href":"https:\/\/www.unica.host\/da\/wp-json\/wp\/v2\/pages\/1260\/revisions"}],"predecessor-version":[{"id":1556,"href":"https:\/\/www.unica.host\/da\/wp-json\/wp\/v2\/pages\/1260\/revisions\/1556"}],"wp:attachment":[{"href":"https:\/\/www.unica.host\/da\/wp-json\/wp\/v2\/media?parent=1260"}],"curies":[{"name":"wp","href":"https:\/\/api.w.org\/{rel}","templated":true}]}}