{"id":1390,"date":"2017-03-22T16:21:07","date_gmt":"2017-03-22T15:21:07","guid":{"rendered":"https:\/\/www.unica.host\/?page_id=1390\/"},"modified":"2017-03-22T16:21:07","modified_gmt":"2017-03-22T15:21:07","slug":"brug-af-personoplysninger","status":"publish","type":"page","link":"https:\/\/www.unica.host\/da\/brug-af-personoplysninger\/","title":{"rendered":"Brug af personoplysninger"},"content":{"rendered":"<div class=\"wpb-content-wrapper\"><p>[vc_row][vc_column][vc_column_text]<\/p>\n<h1>Brug af personoplysninger<\/h1>\n<p style=\"margin: 0px 0px 24px; padding: 0px; border: 0px; outline: 0px; font-size: 13px; vertical-align: baseline; background: #ffffff; font-style: normal; font-variant: normal; font-stretch: normal; font-family: 'Open Sans', sans-serif; font-weight: normal; line-height: 22px; color: #727272; letter-spacing: normal; orphans: 2; text-align: start; text-indent: 0px; text-transform: none; white-space: normal; widows: 2; word-spacing: 0px; -webkit-text-stroke-width: 0px;\">Denne side omhandler Unica Hosts retningslinjer for brug af personoplysninger indsamlet for bes\u00f8gende p\u00e5 dette website.<\/p>\n<p style=\"margin: 0px 0px 24px; padding: 0px; border: 0px; outline: 0px; font-size: 13px; vertical-align: baseline; background: #ffffff; font-style: normal; font-variant: normal; font-stretch: normal; font-family: 'Open Sans', sans-serif; font-weight: normal; line-height: 22px; color: #727272; letter-spacing: normal; orphans: 2; text-align: start; text-indent: 0px; text-transform: none; white-space: normal; widows: 2; word-spacing: 0px; -webkit-text-stroke-width: 0px;\"><strong>Logfiler<\/strong><br \/>\nAlle bes\u00f8g p\u00e5 dette website gemmes i webserverens logfiler, herunder IP adresse p\u00e5 den bes\u00f8gende. Logfilerne bruges prim\u00e6rt for at g\u00f8re det muligt for os at optimere vores website og rette fejl. Ligeledes bliver informationerne fra logfilerne brugt til at lave statistik over hvordan indholdet af vores hjemmeside bliver brugt. Dette giver os en bedre forst\u00e5else for hvilke sider, der l\u00f8bende kan forbedres for at h\u00f8jne kvaliteten og relevansen af siderne p\u00e5 vores website.<\/p>\n<p style=\"margin: 0px 0px 24px; padding: 0px; border: 0px; outline: 0px; font-size: 13px; vertical-align: baseline; background: #ffffff; font-style: normal; font-variant: normal; font-stretch: normal; font-family: 'Open Sans', sans-serif; font-weight: normal; line-height: 22px; color: #727272; letter-spacing: normal; orphans: 2; text-align: start; text-indent: 0px; text-transform: none; white-space: normal; widows: 2; word-spacing: 0px; -webkit-text-stroke-width: 0px;\"><strong>Cookies<\/strong><br \/>\nVores website bruger cookies for at kunne f\u00f8lge brugeradf\u00e6rd og g\u00f8re din oplevelse af vores websider mere personlig.<\/p>\n<p style=\"margin: 0px 0px 24px; padding: 0px; border: 0px; outline: 0px; font-size: 13px; vertical-align: baseline; background: #ffffff; font-style: normal; font-variant: normal; font-stretch: normal; font-family: 'Open Sans', sans-serif; font-weight: normal; line-height: 22px; color: #727272; letter-spacing: normal; orphans: 2; text-align: start; text-indent: 0px; text-transform: none; white-space: normal; widows: 2; word-spacing: 0px; -webkit-text-stroke-width: 0px;\"><strong>Ordre<\/strong><br \/>\nVed bestilling af produkter p\u00e5 dette website indsamler vi dine kontaktinformationer (som navn, adresse, e-mail mv.) Kontaktinformationerne behandles fortroligt og gemmes i en database som kun Unica Host har adgang til. Vi videregiver eller s\u00e6lger ikke dine data til andre. Dog er dette begr\u00e6nset af et evt. krav om udlevering af data fra en myndighed i henhold til dansk lovgivning.<\/p>\n<p style=\"margin: 0px 0px 24px; padding: 0px; border: 0px; outline: 0px; font-size: 13px; vertical-align: baseline; background: #ffffff; font-style: normal; font-variant: normal; font-stretch: normal; font-family: 'Open Sans', sans-serif; font-weight: normal; line-height: 22px; color: #727272; letter-spacing: normal; orphans: 2; text-align: start; text-indent: 0px; text-transform: none; white-space: normal; widows: 2; word-spacing: 0px; -webkit-text-stroke-width: 0px;\"><strong>Sikkerhed<\/strong><br \/>\nVores website er opbygget sikkert for bedst muligt at kunne beskytte de fortrolige data vi behandler. Ved betaling af ordre med dankort\/kreditkort bliver disse kortdata slettet umiddelbart efter, at bel\u00f8bet er trukket.\u00a0Unica Hosts\u00a0Betalingssystem lever op til alle de sikkerhedskrav der er stillet og er godkendt og certificeret af PBS. Al kommunikation mellem\u00a0Unica Host\u00a0Betalingssystem og kortindehaveren foreg\u00e5r via en krypteret SSL forbindelse. Dette sikrer at uvedkommende ikke kan se de data som udveksles. Ligeledes krypteres data der sendes mellem Unica Hosts Betalingssystem og PBS\u2019s betalingsserver.\u00a0Unica Hosts\u00a0Betalingssystem st\u00e5r placeret i et h\u00f8jt sikret serverrum med tyverialarm, brandanl\u00e6g (Inergen), n\u00f8dstr\u00f8msanl\u00e6g og aircondition. Betalingssystemet er elektronisk overv\u00e5get 24 timer i d\u00f8gnet, 365 dage om \u00e5ret.<\/p>\n<p style=\"margin: 0px 0px 24px; padding: 0px; border: 0px; outline: 0px; font-size: 13px; vertical-align: baseline; background: #ffffff; font-style: normal; font-variant: normal; font-stretch: normal; font-family: 'Open Sans', sans-serif; font-weight: normal; line-height: 22px; color: #727272; letter-spacing: normal; orphans: 2; text-align: start; text-indent: 0px; text-transform: none; white-space: normal; widows: 2; word-spacing: 0px; -webkit-text-stroke-width: 0px;\"><strong>Nyhedsbrev<\/strong><br \/>\nP\u00e5 websitet har du mulighed for at tilmelde dig til vores nyhedsbrev. Din e-mail adresse vil kun blive brugt til udsendelse af\u00a0Unica Hosts\u00a0nyhedsbrev, som h\u00f8jst er 1 gang om m\u00e5neden. Din e-mail adresse vil ALDRIG blive udleveret til tredjemand. Du kan til enhver tid anmode om at blive fjernet fra vores nyhedsbrev mailliste.<\/p>\n<p style=\"margin: 0px 0px 24px; padding: 0px; border: 0px; outline: 0px; font-size: 13px; vertical-align: baseline; background: #ffffff; font-style: normal; font-variant: normal; font-stretch: normal; font-family: 'Open Sans', sans-serif; font-weight: normal; line-height: 22px; color: #727272; letter-spacing: normal; orphans: 2; text-align: start; text-indent: 0px; text-transform: none; white-space: normal; widows: 2; word-spacing: 0px; -webkit-text-stroke-width: 0px;\"><strong>Eksterne links<\/strong><br \/>\nP\u00e5 flere sider findes links til andre eksterne websites. Vi kan p\u00e5 ingen m\u00e5de tage ansvar for indholdet af disse.<\/p>\n<p>[\/vc_column_text][\/vc_column][\/vc_row]<\/p>\n<\/div>","protected":false},"excerpt":{"rendered":"<p>[vc_row][vc_column][vc_column_text] Brug af personoplysninger Denne side omhandler Unica Hosts retningslinjer for brug af personoplysninger indsamlet for bes\u00f8gende p\u00e5 dette website. Logfiler Alle bes\u00f8g p\u00e5 dette website gemmes i webserverens logfiler, herunder IP adresse p\u00e5 den bes\u00f8gende. Logfilerne bruges prim\u00e6rt for at g\u00f8re det muligt for os at optimere vores website og rette fejl. Ligeledes bliver [&hellip;]<\/p>\n","protected":false},"author":1,"featured_media":0,"parent":0,"menu_order":0,"comment_status":"closed","ping_status":"closed","template":"page-templates\/template-canvas.php","meta":{"footnotes":""},"_links":{"self":[{"href":"https:\/\/www.unica.host\/da\/wp-json\/wp\/v2\/pages\/1390"}],"collection":[{"href":"https:\/\/www.unica.host\/da\/wp-json\/wp\/v2\/pages"}],"about":[{"href":"https:\/\/www.unica.host\/da\/wp-json\/wp\/v2\/types\/page"}],"author":[{"embeddable":true,"href":"https:\/\/www.unica.host\/da\/wp-json\/wp\/v2\/users\/1"}],"replies":[{"embeddable":true,"href":"https:\/\/www.unica.host\/da\/wp-json\/wp\/v2\/comments?post=1390"}],"version-history":[{"count":1,"href":"https:\/\/www.unica.host\/da\/wp-json\/wp\/v2\/pages\/1390\/revisions"}],"predecessor-version":[{"id":1391,"href":"https:\/\/www.unica.host\/da\/wp-json\/wp\/v2\/pages\/1390\/revisions\/1391"}],"wp:attachment":[{"href":"https:\/\/www.unica.host\/da\/wp-json\/wp\/v2\/media?parent=1390"}],"curies":[{"name":"wp","href":"https:\/\/api.w.org\/{rel}","templated":true}]}}